{"id":140,"date":"2024-03-26T11:32:02","date_gmt":"2024-03-26T11:32:02","guid":{"rendered":"https:\/\/matkabuntowniczka.pl\/?page_id=140"},"modified":"2024-05-07T10:12:14","modified_gmt":"2024-05-07T10:12:14","slug":"lista-odcinkow","status":"publish","type":"page","link":"https:\/\/matkabuntowniczka.pl\/index.php\/lista-odcinkow\/","title":{"rendered":"Lista odcink\u00f3w"},"content":{"rendered":"\n<hr class=\"wp-block-separator has-alpha-channel-opacity\" style=\"margin-top:0;margin-bottom:0\"\/>\n\n\n\n<p><\/p>\n\n\n<div class=\"wp-block-themeisle-blocks-posts-grid\" id=\"wp-block-themeisle-blocks-posts-grid-f038ab4c\"><div class=\"is-list\"><div class=\"o-posts-grid-post-blog o-posts-grid-post-plain\"><div class=\"o-posts-grid-post\"><div class=\"o-posts-grid-post-image\"><a href=\"https:\/\/matkabuntowniczka.pl\/index.php\/2024\/03\/26\/odcinek\/\"><img loading=\"lazy\" decoding=\"async\" width=\"500\" height=\"500\" src=\"https:\/\/matkabuntowniczka.pl\/wp-content\/uploads\/2024\/03\/Insta-Podcast-4.png\" class=\"attachment-full size-full\" alt=\"\" srcset=\"https:\/\/matkabuntowniczka.pl\/wp-content\/uploads\/2024\/03\/Insta-Podcast-4.png 500w, https:\/\/matkabuntowniczka.pl\/wp-content\/uploads\/2024\/03\/Insta-Podcast-4-300x300.png 300w, https:\/\/matkabuntowniczka.pl\/wp-content\/uploads\/2024\/03\/Insta-Podcast-4-150x150.png 150w\" sizes=\"auto, (max-width: 500px) 100vw, 500px\" \/><\/a><\/div><div class=\"o-posts-grid-post-body\"><span class=\"o-posts-grid-post-category\"><a href=\"https:\/\/matkabuntowniczka.pl\/index.php\/category\/podcast\/\">Podcast<\/a><\/span><h5 class=\"o-posts-grid-post-title\"><a href=\"https:\/\/matkabuntowniczka.pl\/index.php\/2024\/03\/26\/odcinek\/\">Ep 1 Z Edyt\u0105 Drojeck\u0105 o akceptacji<\/a><\/h5><p class=\"o-posts-grid-post-meta\">Posted on <time datetime=\"2024-03-26T11:33:40+00:00\">26\/03\/2024<\/time> by <a href=\"https:\/\/matkabuntowniczka.pl\/index.php\/author\/adminmatka\/\">AdminMatka<\/a><\/p><div class=\"o-posts-grid-post-description\"><p>Z wielk\u0105 rado\u015bci\u0105 og\u0142aszam premier\u0119 pierwszego odcinka podcastu &#8220;Matki Buntowniczki&#8221;! Mo\u2026<\/p><\/div><\/div><\/div><\/div><div class=\"o-posts-grid-post-blog o-posts-grid-post-plain\"><div class=\"o-posts-grid-post\"><div class=\"o-posts-grid-post-image\"><a href=\"https:\/\/matkabuntowniczka.pl\/index.php\/2023\/07\/02\/zwiastun\/\"><img loading=\"lazy\" decoding=\"async\" width=\"1640\" height=\"924\" src=\"https:\/\/matkabuntowniczka.pl\/wp-content\/uploads\/2023\/07\/Matka-Buntowniczka-3.png\" class=\"attachment-full size-full\" alt=\"\" srcset=\"https:\/\/matkabuntowniczka.pl\/wp-content\/uploads\/2023\/07\/Matka-Buntowniczka-3.png 1640w, https:\/\/matkabuntowniczka.pl\/wp-content\/uploads\/2023\/07\/Matka-Buntowniczka-3-300x169.png 300w, https:\/\/matkabuntowniczka.pl\/wp-content\/uploads\/2023\/07\/Matka-Buntowniczka-3-1024x577.png 1024w, https:\/\/matkabuntowniczka.pl\/wp-content\/uploads\/2023\/07\/Matka-Buntowniczka-3-768x433.png 768w, https:\/\/matkabuntowniczka.pl\/wp-content\/uploads\/2023\/07\/Matka-Buntowniczka-3-1536x865.png 1536w\" sizes=\"auto, (max-width: 1640px) 100vw, 1640px\" \/><\/a><\/div><div class=\"o-posts-grid-post-body\"><span class=\"o-posts-grid-post-category\"><a href=\"https:\/\/matkabuntowniczka.pl\/index.php\/category\/podcast\/\">Podcast<\/a><\/span><h5 class=\"o-posts-grid-post-title\"><a href=\"https:\/\/matkabuntowniczka.pl\/index.php\/2023\/07\/02\/zwiastun\/\">Zwiastun<\/a><\/h5><p class=\"o-posts-grid-post-meta\">Posted on <time datetime=\"2023-07-02T11:13:18+00:00\">02\/07\/2023<\/time> by <a href=\"https:\/\/matkabuntowniczka.pl\/index.php\/author\/adminmatka\/\">AdminMatka<\/a><\/p><div class=\"o-posts-grid-post-description\"><p>W ka\u017cdym odcinku podzielimy si\u0119 z Tob\u0105 inspiruj\u0105cymi rozmowami z wyj\u0105tkowymi go\u015b\u0107mi, kt\u00f3rzy podziel\u0105\u2026<\/p><\/div><\/div><\/div><\/div><\/div> <\/div>","protected":false},"excerpt":{"rendered":"","protected":false},"author":1,"featured_media":0,"parent":0,"menu_order":0,"comment_status":"closed","ping_status":"closed","template":"","meta":{"_themeisle_gutenberg_block_has_review":false,"footnotes":""},"class_list":["post-140","page","type-page","status-publish","hentry"],"_links":{"self":[{"href":"https:\/\/matkabuntowniczka.pl\/index.php\/wp-json\/wp\/v2\/pages\/140","targetHints":{"allow":["GET"]}}],"collection":[{"href":"https:\/\/matkabuntowniczka.pl\/index.php\/wp-json\/wp\/v2\/pages"}],"about":[{"href":"https:\/\/matkabuntowniczka.pl\/index.php\/wp-json\/wp\/v2\/types\/page"}],"author":[{"embeddable":true,"href":"https:\/\/matkabuntowniczka.pl\/index.php\/wp-json\/wp\/v2\/users\/1"}],"replies":[{"embeddable":true,"href":"https:\/\/matkabuntowniczka.pl\/index.php\/wp-json\/wp\/v2\/comments?post=140"}],"version-history":[{"count":5,"href":"https:\/\/matkabuntowniczka.pl\/index.php\/wp-json\/wp\/v2\/pages\/140\/revisions"}],"predecessor-version":[{"id":262,"href":"https:\/\/matkabuntowniczka.pl\/index.php\/wp-json\/wp\/v2\/pages\/140\/revisions\/262"}],"wp:attachment":[{"href":"https:\/\/matkabuntowniczka.pl\/index.php\/wp-json\/wp\/v2\/media?parent=140"}],"curies":[{"name":"wp","href":"https:\/\/api.w.org\/{rel}","templated":true}]}}